{"id":1254,"date":"2025-04-23T12:22:30","date_gmt":"2025-04-23T10:22:30","guid":{"rendered":"http:\/\/figurinesfoot.fr\/?page_id=1254"},"modified":"2025-04-23T12:25:14","modified_gmt":"2025-04-23T10:25:14","slug":"mentions","status":"publish","type":"page","link":"https:\/\/figurinesfoot.fr\/?page_id=1254","title":{"rendered":"\ud83d\udcd8 Mentions L\u00e9gales \u2013 figurinesfoot.fr"},"content":{"rendered":"<h2 class=\"wp-block-heading\">Conform\u00e9ment \u00e0 la loi n\u00b02004-575 du 21 juin 2004 pour la confiance dans l\u2019\u00e9conomie num\u00e9rique (LCEN), voici les mentions l\u00e9gales du site <strong>figurinesfoot.fr<\/strong> :<\/h2><p>\u00c9diteur du site<\/p><p><strong>Raison sociale<\/strong> : Renaut Steve<br><strong>Statut juridique<\/strong> : Micro-entreprise (autoentrepreneur)<br><strong>SIREN<\/strong> : 810 253 278<br><strong>SIRET<\/strong> : 810 253 278 00024<br><strong>Adresse<\/strong> : Rue de Marly, 33700 M\u00e9rignac, France<br><strong>Email<\/strong> : <a class=\"\">contact@figurinesfoot.fr<\/a><br><strong>Directeur de la publication<\/strong> : Renaut Steve<\/p><hr class=\"wp-block-separator has-alpha-channel-opacity\"\/><h3 class=\"wp-block-heading\">H\u00e9bergeur du site<\/h3><p>Le site <strong>figurinesfoot.fr<\/strong> est h\u00e9berg\u00e9 par :<\/p><p><strong>OVH SAS<\/strong><br>2 rue Kellermann \u2013 59100 Roubaix \u2013 France<br>Site : <a class=\"\" href=\"https:\/\/www.ovh.com\">https:\/\/www.ovh.com<\/a><\/p><hr class=\"wp-block-separator has-alpha-channel-opacity\"\/><h3 class=\"wp-block-heading\">Propri\u00e9t\u00e9 intellectuelle<\/h3><p>L\u2019ensemble des \u00e9l\u00e9ments pr\u00e9sents sur le site <strong>figurinesfoot.fr<\/strong> (textes, images, logo, vid\u00e9os, structure, code) sont la propri\u00e9t\u00e9 exclusive de leur auteur et sont prot\u00e9g\u00e9s par le droit d\u2019auteur et le droit des marques.<\/p><p>Toute reproduction ou diffusion, m\u00eame partielle, est interdite sans autorisation \u00e9crite pr\u00e9alable.<\/p><hr class=\"wp-block-separator has-alpha-channel-opacity\"\/><h3 class=\"wp-block-heading\">Donn\u00e9es personnelles<\/h3><p>Les informations collect\u00e9es sur ce site (nom, e-mail, adresse, donn\u00e9es de navigation, etc.) sont trait\u00e9es dans le cadre de votre commande ou de la relation client. Elles ne sont jamais revendues \u00e0 des tiers.<\/p><p>Conform\u00e9ment au R\u00e8glement G\u00e9n\u00e9ral sur la Protection des Donn\u00e9es (RGPD), vous disposez d\u2019un droit d\u2019acc\u00e8s, de rectification, de portabilit\u00e9 ou de suppression de vos donn\u00e9es.<\/p><p>Pour toute demande, contactez : <strong><a class=\"\">contact@figurinesfoot.fr<\/a><\/strong><\/p>","protected":false},"excerpt":{"rendered":"<p>Conform\u00e9ment \u00e0 la loi n\u00b02004-575 du 21 juin 2004 pour la confiance dans l\u2019\u00e9conomie num\u00e9rique (LCEN), voici les mentions l\u00e9gales du site figurinesfoot.fr : \u00c9diteur du site Raison sociale : Renaut SteveStatut juridique : Micro-entreprise (autoentrepreneur)SIREN : 810 253 278SIRET : 810 253 278 00024Adresse : Rue de Marly, 33700 M\u00e9rignac, FranceEmail : contact@figurinesfoot.frDirecteur de&#8230;<\/p>\n","protected":false},"author":1,"featured_media":0,"parent":0,"menu_order":0,"comment_status":"closed","ping_status":"closed","template":"","meta":{"_kadence_starter_templates_imported_post":false,"_kad_post_transparent":"","_kad_post_title":"","_kad_post_layout":"","_kad_post_sidebar_id":"","_kad_post_content_style":"","_kad_post_vertical_padding":"","_kad_post_feature":"","_kad_post_feature_position":"","_kad_post_header":false,"_kad_post_footer":false,"footnotes":""},"class_list":["post-1254","page","type-page","status-publish","hentry"],"_links":{"self":[{"href":"https:\/\/figurinesfoot.fr\/index.php?rest_route=\/wp\/v2\/pages\/1254","targetHints":{"allow":["GET"]}}],"collection":[{"href":"https:\/\/figurinesfoot.fr\/index.php?rest_route=\/wp\/v2\/pages"}],"about":[{"href":"https:\/\/figurinesfoot.fr\/index.php?rest_route=\/wp\/v2\/types\/page"}],"author":[{"embeddable":true,"href":"https:\/\/figurinesfoot.fr\/index.php?rest_route=\/wp\/v2\/users\/1"}],"replies":[{"embeddable":true,"href":"https:\/\/figurinesfoot.fr\/index.php?rest_route=%2Fwp%2Fv2%2Fcomments&post=1254"}],"version-history":[{"count":3,"href":"https:\/\/figurinesfoot.fr\/index.php?rest_route=\/wp\/v2\/pages\/1254\/revisions"}],"predecessor-version":[{"id":1257,"href":"https:\/\/figurinesfoot.fr\/index.php?rest_route=\/wp\/v2\/pages\/1254\/revisions\/1257"}],"wp:attachment":[{"href":"https:\/\/figurinesfoot.fr\/index.php?rest_route=%2Fwp%2Fv2%2Fmedia&parent=1254"}],"curies":[{"name":"wp","href":"https:\/\/api.w.org\/{rel}","templated":true}]}}